{"id":173,"date":"2017-11-28T22:17:36","date_gmt":"2017-11-28T21:17:36","guid":{"rendered":"https:\/\/sterlog.pl\/kontakt\/"},"modified":"2019-09-17T12:41:27","modified_gmt":"2019-09-17T10:41:27","slug":"contact","status":"publish","type":"page","link":"https:\/\/sterlog.pl\/en\/contact\/","title":{"rendered":"Contact"},"content":{"rendered":"\n<p><strong>STERLOG<br>Polska Sp. z o.o.&nbsp;<\/strong><\/p>\n\n\n\n<p>10\/10 Prof. Zdzislawa Kieturakisa Street<br>80-742 Gda\u0144sk, Poland<\/p>\n\n\n\n<p>Wies\u0142aw Staniuk &#8211; Chief Executive Officer<br><a href=\"mailto:w.staniuk@sterlog.pl\">w.staniuk@sterlog.pl<\/a><br>Tel. +<a href=\"tel:48500506676\">48 500 506 676<\/a><\/p>\n\n\n\n<p>Micha\u0142 Staniuk &#8211; Chief Sales Officer<br><a href=\"mailto:m.staniuk@sterlog.pl\">m.staniuk@sterlog.pl<\/a><br>Tel. +<a href=\"tel:48605041815\">48 605 041 815<\/a><\/p>\n","protected":false},"excerpt":{"rendered":"<p>STERLOGPolska Sp. z o.o.&nbsp; 10\/10 Prof. Zdzislawa Kieturakisa Street80-742 Gda\u0144sk, Poland Wies\u0142aw Staniuk &#8211; Chief Executive Officerw.staniuk@sterlog.plTel. +48 500 506 676 Micha\u0142 Staniuk &#8211; Chief Sales Officerm.staniuk@sterlog.plTel. +48 605 041 815<\/p>\n","protected":false},"author":2,"featured_media":0,"parent":0,"menu_order":0,"comment_status":"closed","ping_status":"closed","template":"page-kontakt.php","meta":{"footnotes":""},"acf":[],"yoast_head":"<!-- This site is optimized with the Yoast SEO plugin v21.8 - https:\/\/yoast.com\/wordpress\/plugins\/seo\/ -->\n<title>Contact - Sterlog<\/title>\n<meta name=\"robots\" content=\"index, follow, max-snippet:-1, max-image-preview:large, max-video-preview:-1\" \/>\n<link rel=\"canonical\" href=\"https:\/\/sterlog.pl\/en\/contact\/\" \/>\n<meta property=\"og:locale\" content=\"en_US\" \/>\n<meta property=\"og:type\" content=\"article\" \/>\n<meta property=\"og:title\" content=\"Contact - Sterlog\" \/>\n<meta property=\"og:description\" content=\"STERLOGPolska Sp. z o.o.&nbsp; 10\/10 Prof. Zdzislawa Kieturakisa Street80-742 Gda\u0144sk, Poland Wies\u0142aw Staniuk &#8211; Chief Executive Officerw.staniuk@sterlog.plTel. +48 500 506 676 Micha\u0142 Staniuk &#8211; Chief Sales Officerm.staniuk@sterlog.plTel. +48 605 041 815\" \/>\n<meta property=\"og:url\" content=\"https:\/\/sterlog.pl\/en\/contact\/\" \/>\n<meta property=\"og:site_name\" content=\"Sterlog\" \/>\n<meta property=\"article:modified_time\" content=\"2019-09-17T10:41:27+00:00\" \/>\n<meta name=\"twitter:card\" content=\"summary_large_image\" \/>\n<script type=\"application\/ld+json\" class=\"yoast-schema-graph\">{\"@context\":\"https:\/\/schema.org\",\"@graph\":[{\"@type\":\"WebPage\",\"@id\":\"https:\/\/sterlog.pl\/en\/contact\/\",\"url\":\"https:\/\/sterlog.pl\/en\/contact\/\",\"name\":\"Contact - Sterlog\",\"isPartOf\":{\"@id\":\"http:\/\/sterlog.pl\/#website\"},\"datePublished\":\"2017-11-28T21:17:36+00:00\",\"dateModified\":\"2019-09-17T10:41:27+00:00\",\"breadcrumb\":{\"@id\":\"https:\/\/sterlog.pl\/en\/contact\/#breadcrumb\"},\"inLanguage\":\"en-US\",\"potentialAction\":[{\"@type\":\"ReadAction\",\"target\":[\"https:\/\/sterlog.pl\/en\/contact\/\"]}]},{\"@type\":\"BreadcrumbList\",\"@id\":\"https:\/\/sterlog.pl\/en\/contact\/#breadcrumb\",\"itemListElement\":[{\"@type\":\"ListItem\",\"position\":1,\"name\":\"Strona g\u0142\u00f3wna\",\"item\":\"http:\/\/sterlog.pl\/en\/\"},{\"@type\":\"ListItem\",\"position\":2,\"name\":\"Contact\"}]},{\"@type\":\"WebSite\",\"@id\":\"http:\/\/sterlog.pl\/#website\",\"url\":\"http:\/\/sterlog.pl\/\",\"name\":\"Sterlog\",\"description\":\"\",\"potentialAction\":[{\"@type\":\"SearchAction\",\"target\":{\"@type\":\"EntryPoint\",\"urlTemplate\":\"http:\/\/sterlog.pl\/?s={search_term_string}\"},\"query-input\":\"required name=search_term_string\"}],\"inLanguage\":\"en-US\"}]}<\/script>\n<!-- \/ Yoast SEO plugin. -->","yoast_head_json":{"title":"Contact - Sterlog","robots":{"index":"index","follow":"follow","max-snippet":"max-snippet:-1","max-image-preview":"max-image-preview:large","max-video-preview":"max-video-preview:-1"},"canonical":"https:\/\/sterlog.pl\/en\/contact\/","og_locale":"en_US","og_type":"article","og_title":"Contact - Sterlog","og_description":"STERLOGPolska Sp. z o.o.&nbsp; 10\/10 Prof. Zdzislawa Kieturakisa Street80-742 Gda\u0144sk, Poland Wies\u0142aw Staniuk &#8211; Chief Executive Officerw.staniuk@sterlog.plTel. +48 500 506 676 Micha\u0142 Staniuk &#8211; Chief Sales Officerm.staniuk@sterlog.plTel. +48 605 041 815","og_url":"https:\/\/sterlog.pl\/en\/contact\/","og_site_name":"Sterlog","article_modified_time":"2019-09-17T10:41:27+00:00","twitter_card":"summary_large_image","schema":{"@context":"https:\/\/schema.org","@graph":[{"@type":"WebPage","@id":"https:\/\/sterlog.pl\/en\/contact\/","url":"https:\/\/sterlog.pl\/en\/contact\/","name":"Contact - Sterlog","isPartOf":{"@id":"http:\/\/sterlog.pl\/#website"},"datePublished":"2017-11-28T21:17:36+00:00","dateModified":"2019-09-17T10:41:27+00:00","breadcrumb":{"@id":"https:\/\/sterlog.pl\/en\/contact\/#breadcrumb"},"inLanguage":"en-US","potentialAction":[{"@type":"ReadAction","target":["https:\/\/sterlog.pl\/en\/contact\/"]}]},{"@type":"BreadcrumbList","@id":"https:\/\/sterlog.pl\/en\/contact\/#breadcrumb","itemListElement":[{"@type":"ListItem","position":1,"name":"Strona g\u0142\u00f3wna","item":"http:\/\/sterlog.pl\/en\/"},{"@type":"ListItem","position":2,"name":"Contact"}]},{"@type":"WebSite","@id":"http:\/\/sterlog.pl\/#website","url":"http:\/\/sterlog.pl\/","name":"Sterlog","description":"","potentialAction":[{"@type":"SearchAction","target":{"@type":"EntryPoint","urlTemplate":"http:\/\/sterlog.pl\/?s={search_term_string}"},"query-input":"required name=search_term_string"}],"inLanguage":"en-US"}]}},"_links":{"self":[{"href":"https:\/\/sterlog.pl\/en\/wp-json\/wp\/v2\/pages\/173"}],"collection":[{"href":"https:\/\/sterlog.pl\/en\/wp-json\/wp\/v2\/pages"}],"about":[{"href":"https:\/\/sterlog.pl\/en\/wp-json\/wp\/v2\/types\/page"}],"author":[{"embeddable":true,"href":"https:\/\/sterlog.pl\/en\/wp-json\/wp\/v2\/users\/2"}],"replies":[{"embeddable":true,"href":"https:\/\/sterlog.pl\/en\/wp-json\/wp\/v2\/comments?post=173"}],"version-history":[{"count":3,"href":"https:\/\/sterlog.pl\/en\/wp-json\/wp\/v2\/pages\/173\/revisions"}],"predecessor-version":[{"id":174,"href":"https:\/\/sterlog.pl\/en\/wp-json\/wp\/v2\/pages\/173\/revisions\/174"}],"wp:attachment":[{"href":"https:\/\/sterlog.pl\/en\/wp-json\/wp\/v2\/media?parent=173"}],"curies":[{"name":"wp","href":"https:\/\/api.w.org\/{rel}","templated":true}]}}